{"id":134,"date":"2024-06-09T15:51:53","date_gmt":"2024-06-09T13:51:53","guid":{"rendered":"https:\/\/gb-microfab.ch\/?page_id=134"},"modified":"2025-12-03T14:08:06","modified_gmt":"2025-12-03T13:08:06","slug":"offres-demploi","status":"publish","type":"page","link":"https:\/\/gb-microfab.ch\/en\/offres-demploi\/","title":{"rendered":"Job offers"},"content":{"rendered":"<style>\/*! elementor - v3.21.0 - 26-05-2024 *\/<br \/>.elementor-widget-image{text-align:center}.elementor-widget-image a{display:inline-block}.elementor-widget-image a img[src$=\".svg\"]{width:48px}.elementor-widget-image img{vertical-align:middle;display:inline-block}<\/style>\n<p><img fetchpriority=\"high\" decoding=\"async\" src=\"https:\/\/gb-microfab.ch\/wp-content\/uploads\/2024\/06\/banniere9-1024x271.jpg\" sizes=\"(max-width: 800px) 100vw, 800px\" srcset=\"https:\/\/gb-microfab.ch\/wp-content\/uploads\/2024\/06\/banniere9-1024x271.jpg 1024w, https:\/\/gb-microfab.ch\/wp-content\/uploads\/2024\/06\/banniere9-300x80.jpg 300w, https:\/\/gb-microfab.ch\/wp-content\/uploads\/2024\/06\/banniere9-768x204.jpg 768w, https:\/\/gb-microfab.ch\/wp-content\/uploads\/2024\/06\/banniere9-1536x407.jpg 1536w, https:\/\/gb-microfab.ch\/wp-content\/uploads\/2024\/06\/banniere9.jpg 1999w\" alt=\"\" width=\"800\" height=\"212\" \/><\/p>\n<style>\/*! elementor - v3.21.0 - 26-05-2024 *\/<br \/>.elementor-heading-title{padding:0;margin:0;line-height:1}.elementor-widget-heading .elementor-heading-title[class*=elementor-size-]>a{color:inherit;font-size:inherit;line-height:inherit}.elementor-widget-heading .elementor-heading-title.elementor-size-small{font-size:15px}.elementor-widget-heading .elementor-heading-title.elementor-size-medium{font-size:19px}.elementor-widget-heading .elementor-heading-title.elementor-size-large{font-size:29px}.elementor-widget-heading .elementor-heading-title.elementor-size-xl{font-size:39px}.elementor-widget-heading .elementor-heading-title.elementor-size-xxl{font-size:59px}<\/style>\n<h4>&#8211; Offres d&#8217;emploi<\/h4>\n<pre>Il n\u2019y a pas de poste \u00e0 pourvoir \u00e0 ce jour.<\/pre>\n","protected":false},"excerpt":{"rendered":"<p>- Vacancies There are no vacancies at present.<\/p>","protected":false},"author":1,"featured_media":0,"parent":0,"menu_order":0,"comment_status":"closed","ping_status":"closed","template":"","meta":{"_acf_changed":false,"footnotes":""},"class_list":["post-134","page","type-page","status-publish","hentry"],"acf":[],"yoast_head":"<!-- This site is optimized with the Yoast SEO plugin v27.5 - https:\/\/yoast.com\/product\/yoast-seo-wordpress\/ -->\n<title>Offres d&#039;emploi - GB MICROFAB<\/title>\n<meta name=\"description\" content=\"D\u00e9couvrez les offres d&#039;emploi de GB Microfab Lausanne, une soci\u00e9t\u00e9 sp\u00e9cialis\u00e9e dans le domaine horloger et celui des microtechniques.\" \/>\n<meta name=\"robots\" content=\"index, follow, max-snippet:-1, max-image-preview:large, max-video-preview:-1\" \/>\n<link rel=\"canonical\" href=\"https:\/\/gb-microfab.ch\/en\/offres-demploi\/\" \/>\n<meta property=\"og:locale\" content=\"en_US\" \/>\n<meta property=\"og:type\" content=\"article\" \/>\n<meta property=\"og:title\" content=\"Offres d&#039;emploi - GB MICROFAB\" \/>\n<meta property=\"og:description\" content=\"D\u00e9couvrez les offres d&#039;emploi de GB Microfab Lausanne, une soci\u00e9t\u00e9 sp\u00e9cialis\u00e9e dans le domaine horloger et celui des microtechniques.\" \/>\n<meta property=\"og:url\" content=\"https:\/\/gb-microfab.ch\/en\/offres-demploi\/\" \/>\n<meta property=\"og:site_name\" content=\"GB MICROFAB\" \/>\n<meta property=\"article:modified_time\" content=\"2025-12-03T13:08:06+00:00\" \/>\n<meta property=\"og:image\" content=\"https:\/\/gb-microfab.ch\/wp-content\/uploads\/2024\/06\/banniere9-1024x271.jpg\" \/>\n<meta name=\"twitter:card\" content=\"summary_large_image\" \/>\n<meta name=\"twitter:label1\" content=\"Est. reading time\" \/>\n\t<meta name=\"twitter:data1\" content=\"1 minute\" \/>\n<script type=\"application\/ld+json\" class=\"yoast-schema-graph\">{\"@context\":\"https:\\\/\\\/schema.org\",\"@graph\":[{\"@type\":\"WebPage\",\"@id\":\"https:\\\/\\\/gb-microfab.ch\\\/offres-demploi\\\/\",\"url\":\"https:\\\/\\\/gb-microfab.ch\\\/offres-demploi\\\/\",\"name\":\"Offres d'emploi - GB MICROFAB\",\"isPartOf\":{\"@id\":\"https:\\\/\\\/gb-microfab.ch\\\/#website\"},\"primaryImageOfPage\":{\"@id\":\"https:\\\/\\\/gb-microfab.ch\\\/offres-demploi\\\/#primaryimage\"},\"image\":{\"@id\":\"https:\\\/\\\/gb-microfab.ch\\\/offres-demploi\\\/#primaryimage\"},\"thumbnailUrl\":\"https:\\\/\\\/gb-microfab.ch\\\/wp-content\\\/uploads\\\/2024\\\/06\\\/banniere9-1024x271.jpg\",\"datePublished\":\"2024-06-09T13:51:53+00:00\",\"dateModified\":\"2025-12-03T13:08:06+00:00\",\"description\":\"D\u00e9couvrez les offres d'emploi de GB Microfab Lausanne, une soci\u00e9t\u00e9 sp\u00e9cialis\u00e9e dans le domaine horloger et celui des microtechniques.\",\"breadcrumb\":{\"@id\":\"https:\\\/\\\/gb-microfab.ch\\\/offres-demploi\\\/#breadcrumb\"},\"inLanguage\":\"en-US\",\"potentialAction\":[{\"@type\":\"ReadAction\",\"target\":[\"https:\\\/\\\/gb-microfab.ch\\\/offres-demploi\\\/\"]}]},{\"@type\":\"ImageObject\",\"inLanguage\":\"en-US\",\"@id\":\"https:\\\/\\\/gb-microfab.ch\\\/offres-demploi\\\/#primaryimage\",\"url\":\"https:\\\/\\\/gb-microfab.ch\\\/wp-content\\\/uploads\\\/2024\\\/06\\\/banniere9-1024x271.jpg\",\"contentUrl\":\"https:\\\/\\\/gb-microfab.ch\\\/wp-content\\\/uploads\\\/2024\\\/06\\\/banniere9-1024x271.jpg\"},{\"@type\":\"BreadcrumbList\",\"@id\":\"https:\\\/\\\/gb-microfab.ch\\\/offres-demploi\\\/#breadcrumb\",\"itemListElement\":[{\"@type\":\"ListItem\",\"position\":1,\"name\":\"Accueil\",\"item\":\"https:\\\/\\\/gb-microfab.ch\\\/\"},{\"@type\":\"ListItem\",\"position\":2,\"name\":\"Offres d&#8217;emploi\"}]},{\"@type\":\"WebSite\",\"@id\":\"https:\\\/\\\/gb-microfab.ch\\\/#website\",\"url\":\"https:\\\/\\\/gb-microfab.ch\\\/\",\"name\":\"GB MICROFAB\",\"description\":\"GB Microfab fonde son d\u00e9veloppement sur l\u2019usage de moyens techniques issus des micros et nanotechnologies pour des applications en microm\u00e9canique notamment dans l\u2019industrie horlog\u00e8re.\",\"publisher\":{\"@id\":\"https:\\\/\\\/gb-microfab.ch\\\/#organization\"},\"potentialAction\":[{\"@type\":\"SearchAction\",\"target\":{\"@type\":\"EntryPoint\",\"urlTemplate\":\"https:\\\/\\\/gb-microfab.ch\\\/?s={search_term_string}\"},\"query-input\":{\"@type\":\"PropertyValueSpecification\",\"valueRequired\":true,\"valueName\":\"search_term_string\"}}],\"inLanguage\":\"en-US\"},{\"@type\":\"Organization\",\"@id\":\"https:\\\/\\\/gb-microfab.ch\\\/#organization\",\"name\":\"GB MICROFAB\",\"url\":\"https:\\\/\\\/gb-microfab.ch\\\/\",\"logo\":{\"@type\":\"ImageObject\",\"inLanguage\":\"en-US\",\"@id\":\"https:\\\/\\\/gb-microfab.ch\\\/#\\\/schema\\\/logo\\\/image\\\/\",\"url\":\"https:\\\/\\\/gb-microfab.ch\\\/wp-content\\\/uploads\\\/2024\\\/06\\\/logo_gb_microfab.png\",\"contentUrl\":\"https:\\\/\\\/gb-microfab.ch\\\/wp-content\\\/uploads\\\/2024\\\/06\\\/logo_gb_microfab.png\",\"width\":571,\"height\":359,\"caption\":\"GB MICROFAB\"},\"image\":{\"@id\":\"https:\\\/\\\/gb-microfab.ch\\\/#\\\/schema\\\/logo\\\/image\\\/\"},\"sameAs\":[\"https:\\\/\\\/www.linkedin.com\\\/company\\\/gb-microfab\\\/?originalSubdomain=ch\"]}]}<\/script>\n<!-- \/ Yoast SEO plugin. -->","yoast_head_json":{"title":"Jobs - GB MICROFAB","description":"Find out about job opportunities at GB Microfab Lausanne, a company specializing in watchmaking and microtechnology.","robots":{"index":"index","follow":"follow","max-snippet":"max-snippet:-1","max-image-preview":"max-image-preview:large","max-video-preview":"max-video-preview:-1"},"canonical":"https:\/\/gb-microfab.ch\/en\/offres-demploi\/","og_locale":"en_US","og_type":"article","og_title":"Offres d'emploi - GB MICROFAB","og_description":"D\u00e9couvrez les offres d'emploi de GB Microfab Lausanne, une soci\u00e9t\u00e9 sp\u00e9cialis\u00e9e dans le domaine horloger et celui des microtechniques.","og_url":"https:\/\/gb-microfab.ch\/en\/offres-demploi\/","og_site_name":"GB MICROFAB","article_modified_time":"2025-12-03T13:08:06+00:00","og_image":[{"url":"https:\/\/gb-microfab.ch\/wp-content\/uploads\/2024\/06\/banniere9-1024x271.jpg","type":"","width":"","height":""}],"twitter_card":"summary_large_image","twitter_misc":{"Est. reading time":"1 minute"},"schema":{"@context":"https:\/\/schema.org","@graph":[{"@type":"WebPage","@id":"https:\/\/gb-microfab.ch\/offres-demploi\/","url":"https:\/\/gb-microfab.ch\/offres-demploi\/","name":"Jobs - GB MICROFAB","isPartOf":{"@id":"https:\/\/gb-microfab.ch\/#website"},"primaryImageOfPage":{"@id":"https:\/\/gb-microfab.ch\/offres-demploi\/#primaryimage"},"image":{"@id":"https:\/\/gb-microfab.ch\/offres-demploi\/#primaryimage"},"thumbnailUrl":"https:\/\/gb-microfab.ch\/wp-content\/uploads\/2024\/06\/banniere9-1024x271.jpg","datePublished":"2024-06-09T13:51:53+00:00","dateModified":"2025-12-03T13:08:06+00:00","description":"Find out about job opportunities at GB Microfab Lausanne, a company specializing in watchmaking and microtechnology.","breadcrumb":{"@id":"https:\/\/gb-microfab.ch\/offres-demploi\/#breadcrumb"},"inLanguage":"en-US","potentialAction":[{"@type":"ReadAction","target":["https:\/\/gb-microfab.ch\/offres-demploi\/"]}]},{"@type":"ImageObject","inLanguage":"en-US","@id":"https:\/\/gb-microfab.ch\/offres-demploi\/#primaryimage","url":"https:\/\/gb-microfab.ch\/wp-content\/uploads\/2024\/06\/banniere9-1024x271.jpg","contentUrl":"https:\/\/gb-microfab.ch\/wp-content\/uploads\/2024\/06\/banniere9-1024x271.jpg"},{"@type":"BreadcrumbList","@id":"https:\/\/gb-microfab.ch\/offres-demploi\/#breadcrumb","itemListElement":[{"@type":"ListItem","position":1,"name":"Accueil","item":"https:\/\/gb-microfab.ch\/"},{"@type":"ListItem","position":2,"name":"Offres d&#8217;emploi"}]},{"@type":"WebSite","@id":"https:\/\/gb-microfab.ch\/#website","url":"https:\/\/gb-microfab.ch\/","name":"GB MICROFAB","description":"GB Microfab's development is based on the use of micro- and nanotechnology-based techniques for micromechanical applications, particularly in the watchmaking industry.","publisher":{"@id":"https:\/\/gb-microfab.ch\/#organization"},"potentialAction":[{"@type":"SearchAction","target":{"@type":"EntryPoint","urlTemplate":"https:\/\/gb-microfab.ch\/?s={search_term_string}"},"query-input":{"@type":"PropertyValueSpecification","valueRequired":true,"valueName":"search_term_string"}}],"inLanguage":"en-US"},{"@type":"Organization","@id":"https:\/\/gb-microfab.ch\/#organization","name":"GB MICROFAB","url":"https:\/\/gb-microfab.ch\/","logo":{"@type":"ImageObject","inLanguage":"en-US","@id":"https:\/\/gb-microfab.ch\/#\/schema\/logo\/image\/","url":"https:\/\/gb-microfab.ch\/wp-content\/uploads\/2024\/06\/logo_gb_microfab.png","contentUrl":"https:\/\/gb-microfab.ch\/wp-content\/uploads\/2024\/06\/logo_gb_microfab.png","width":571,"height":359,"caption":"GB MICROFAB"},"image":{"@id":"https:\/\/gb-microfab.ch\/#\/schema\/logo\/image\/"},"sameAs":["https:\/\/www.linkedin.com\/company\/gb-microfab\/?originalSubdomain=ch"]}]}},"_links":{"self":[{"href":"https:\/\/gb-microfab.ch\/en\/wp-json\/wp\/v2\/pages\/134","targetHints":{"allow":["GET"]}}],"collection":[{"href":"https:\/\/gb-microfab.ch\/en\/wp-json\/wp\/v2\/pages"}],"about":[{"href":"https:\/\/gb-microfab.ch\/en\/wp-json\/wp\/v2\/types\/page"}],"author":[{"embeddable":true,"href":"https:\/\/gb-microfab.ch\/en\/wp-json\/wp\/v2\/users\/1"}],"replies":[{"embeddable":true,"href":"https:\/\/gb-microfab.ch\/en\/wp-json\/wp\/v2\/comments?post=134"}],"version-history":[{"count":31,"href":"https:\/\/gb-microfab.ch\/en\/wp-json\/wp\/v2\/pages\/134\/revisions"}],"predecessor-version":[{"id":1115,"href":"https:\/\/gb-microfab.ch\/en\/wp-json\/wp\/v2\/pages\/134\/revisions\/1115"}],"wp:attachment":[{"href":"https:\/\/gb-microfab.ch\/en\/wp-json\/wp\/v2\/media?parent=134"}],"curies":[{"name":"wp","href":"https:\/\/api.w.org\/{rel}","templated":true}]}}